{"id":2501,"date":"2020-01-10T12:56:24","date_gmt":"2020-01-10T11:56:24","guid":{"rendered":"http:\/\/calvi-marina.corsica\/?page_id=2501"},"modified":"2022-06-07T17:12:48","modified_gmt":"2022-06-07T15:12:48","slug":"portfolio-2","status":"publish","type":"page","link":"https:\/\/calvi-marina.corsica\/?page_id=2501","title":{"rendered":"Portfolio"},"content":{"rendered":"<p style=\"text-align: center;\">D\u00e9couvrez ou red\u00e9couvrez le port de Calvi au travers des diff\u00e9rents clich\u00e9s de notre galerie.<\/p>\n<figure data-width=\"1334\" data-height=\"750\"><a href=\" https:\/\/calvi-marina.corsica\/wp-content\/uploads\/2020\/01\/PALMER.png \"<a href=\"https:\/\/calvi-marina.corsica\/wp-content\/uploads\/2020\/01\/PALMER.png\" title=\"PALMER\"  aria-label=\"Post image\"><img loading=\"lazy\" decoding=\"async\" src=\"data:image\/svg+xml,%3Csvg%20xmlns%3D&#39;http%3A%2F%2Fwww.w3.org%2F2000%2Fsvg&#39;%20viewBox%3D&#39;0%200%201334%20750&#39;%2F%3E\" data-src=\"https:\/\/calvi-marina.corsica\/wp-content\/uploads\/2020\/01\/PALMER.png\" data-srcset=\"https:\/\/calvi-marina.corsica\/wp-content\/uploads\/2020\/01\/PALMER.png 1334w\" width=\"1334\" height=\"750\"  alt=\"\" title=\"PALMER\" \/><\/a><\/a><\/figure>\n<figure data-width=\"5184\" data-height=\"3456\"><a href=\" https:\/\/calvi-marina.corsica\/wp-content\/uploads\/2020\/01\/IMG_1265.jpg \"<a href=\"https:\/\/calvi-marina.corsica\/wp-content\/uploads\/2020\/01\/IMG_1265.jpg\" title=\"IMG_1265\"  aria-label=\"Post image\"><img loading=\"lazy\" decoding=\"async\" src=\"data:image\/svg+xml,%3Csvg%20xmlns%3D&#39;http%3A%2F%2Fwww.w3.org%2F2000%2Fsvg&#39;%20viewBox%3D&#39;0%200%205184%203456&#39;%2F%3E\" data-src=\"https:\/\/calvi-marina.corsica\/wp-content\/uploads\/2020\/01\/IMG_1265.jpg\" data-srcset=\"https:\/\/calvi-marina.corsica\/wp-content\/uploads\/2020\/01\/IMG_1265.jpg 5184w\" width=\"5184\" height=\"3456\"  alt=\"\" title=\"IMG_1265\" \/><\/a><\/a><\/figure>\n<figure data-width=\"5184\" data-height=\"3456\"><a href=\" https:\/\/calvi-marina.corsica\/wp-content\/uploads\/2020\/01\/IMG_1263.jpg \"<a href=\"https:\/\/calvi-marina.corsica\/wp-content\/uploads\/2020\/01\/IMG_1263.jpg\" title=\"IMG_1263\"  aria-label=\"Post image\"><img loading=\"lazy\" decoding=\"async\" src=\"data:image\/svg+xml,%3Csvg%20xmlns%3D&#39;http%3A%2F%2Fwww.w3.org%2F2000%2Fsvg&#39;%20viewBox%3D&#39;0%200%205184%203456&#39;%2F%3E\" data-src=\"https:\/\/calvi-marina.corsica\/wp-content\/uploads\/2020\/01\/IMG_1263.jpg\" data-srcset=\"https:\/\/calvi-marina.corsica\/wp-content\/uploads\/2020\/01\/IMG_1263.jpg 5184w\" width=\"5184\" height=\"3456\"  alt=\"\" title=\"IMG_1263\" \/><\/a><\/a><\/figure>\n<figure data-width=\"5184\" data-height=\"3456\"><a href=\" https:\/\/calvi-marina.corsica\/wp-content\/uploads\/2020\/01\/img_1194.jpg \"<a href=\"https:\/\/calvi-marina.corsica\/wp-content\/uploads\/2020\/01\/img_1194.jpg\" title=\"img_1194\"  aria-label=\"Post image\"><img loading=\"lazy\" decoding=\"async\" src=\"data:image\/svg+xml,%3Csvg%20xmlns%3D&#39;http%3A%2F%2Fwww.w3.org%2F2000%2Fsvg&#39;%20viewBox%3D&#39;0%200%205184%203456&#39;%2F%3E\" data-src=\"https:\/\/calvi-marina.corsica\/wp-content\/uploads\/2020\/01\/img_1194.jpg\" data-srcset=\"https:\/\/calvi-marina.corsica\/wp-content\/uploads\/2020\/01\/img_1194.jpg 5184w\" width=\"5184\" height=\"3456\"  alt=\"\" title=\"img_1194\" \/><\/a><\/a><\/figure>\n<figure data-width=\"5133\" data-height=\"3423\"><a href=\" https:\/\/calvi-marina.corsica\/wp-content\/uploads\/2020\/01\/img_1078.jpg \"<a href=\"https:\/\/calvi-marina.corsica\/wp-content\/uploads\/2020\/01\/img_1078.jpg\" title=\"img_1078\"  aria-label=\"Post image\"><img loading=\"lazy\" decoding=\"async\" src=\"data:image\/svg+xml,%3Csvg%20xmlns%3D&#39;http%3A%2F%2Fwww.w3.org%2F2000%2Fsvg&#39;%20viewBox%3D&#39;0%200%205133%203423&#39;%2F%3E\" data-src=\"https:\/\/calvi-marina.corsica\/wp-content\/uploads\/2020\/01\/img_1078.jpg\" data-srcset=\"https:\/\/calvi-marina.corsica\/wp-content\/uploads\/2020\/01\/img_1078.jpg 5133w\" width=\"5133\" height=\"3423\"  alt=\"\" title=\"img_1078\" \/><\/a><\/a><\/figure>\n<figure data-width=\"5045\" data-height=\"3363\"><a href=\" https:\/\/calvi-marina.corsica\/wp-content\/uploads\/2020\/01\/img_1066-2.jpg \"<a href=\"https:\/\/calvi-marina.corsica\/wp-content\/uploads\/2020\/01\/img_1066-2.jpg\" title=\"img_1066 (2)\"  aria-label=\"Post image\"><img loading=\"lazy\" decoding=\"async\" src=\"data:image\/svg+xml,%3Csvg%20xmlns%3D&#39;http%3A%2F%2Fwww.w3.org%2F2000%2Fsvg&#39;%20viewBox%3D&#39;0%200%205045%203363&#39;%2F%3E\" data-src=\"https:\/\/calvi-marina.corsica\/wp-content\/uploads\/2020\/01\/img_1066-2.jpg\" data-srcset=\"https:\/\/calvi-marina.corsica\/wp-content\/uploads\/2020\/01\/img_1066-2.jpg 5045w\" width=\"5045\" height=\"3363\"  alt=\"\" title=\"img_1066 (2)\" \/><\/a><\/a><\/figure>\n<figure data-width=\"5007\" data-height=\"3339\"><a href=\" https:\/\/calvi-marina.corsica\/wp-content\/uploads\/2020\/01\/img_1062-2.jpg \"<a href=\"https:\/\/calvi-marina.corsica\/wp-content\/uploads\/2020\/01\/img_1062-2.jpg\" title=\"img_1062 (2)\"  aria-label=\"Post image\"><img loading=\"lazy\" decoding=\"async\" src=\"data:image\/svg+xml,%3Csvg%20xmlns%3D&#39;http%3A%2F%2Fwww.w3.org%2F2000%2Fsvg&#39;%20viewBox%3D&#39;0%200%205007%203339&#39;%2F%3E\" data-src=\"https:\/\/calvi-marina.corsica\/wp-content\/uploads\/2020\/01\/img_1062-2.jpg\" data-srcset=\"https:\/\/calvi-marina.corsica\/wp-content\/uploads\/2020\/01\/img_1062-2.jpg 5007w\" width=\"5007\" height=\"3339\"  alt=\"\" title=\"img_1062 (2)\" \/><\/a><\/a><\/figure>\n<figure data-width=\"4975\" data-height=\"3317\"><a href=\" https:\/\/calvi-marina.corsica\/wp-content\/uploads\/2020\/01\/img_1054-2.jpg \"<a href=\"https:\/\/calvi-marina.corsica\/wp-content\/uploads\/2020\/01\/img_1054-2.jpg\" title=\"img_1054 (2)\"  aria-label=\"Post image\"><img loading=\"lazy\" decoding=\"async\" src=\"data:image\/svg+xml,%3Csvg%20xmlns%3D&#39;http%3A%2F%2Fwww.w3.org%2F2000%2Fsvg&#39;%20viewBox%3D&#39;0%200%204975%203317&#39;%2F%3E\" data-src=\"https:\/\/calvi-marina.corsica\/wp-content\/uploads\/2020\/01\/img_1054-2.jpg\" data-srcset=\"https:\/\/calvi-marina.corsica\/wp-content\/uploads\/2020\/01\/img_1054-2.jpg 4975w\" width=\"4975\" height=\"3317\"  alt=\"\" title=\"img_1054 (2)\" \/><\/a><\/a><\/figure>\n<figure data-width=\"5184\" data-height=\"3456\"><a href=\" https:\/\/calvi-marina.corsica\/wp-content\/uploads\/2020\/01\/img_1052.jpg \"<a href=\"https:\/\/calvi-marina.corsica\/wp-content\/uploads\/2020\/01\/img_1052.jpg\" title=\"img_1052\"  aria-label=\"Post image\"><img loading=\"lazy\" decoding=\"async\" src=\"data:image\/svg+xml,%3Csvg%20xmlns%3D&#39;http%3A%2F%2Fwww.w3.org%2F2000%2Fsvg&#39;%20viewBox%3D&#39;0%200%205184%203456&#39;%2F%3E\" data-src=\"https:\/\/calvi-marina.corsica\/wp-content\/uploads\/2020\/01\/img_1052.jpg\" data-srcset=\"https:\/\/calvi-marina.corsica\/wp-content\/uploads\/2020\/01\/img_1052.jpg 5184w\" width=\"5184\" height=\"3456\"  alt=\"\" title=\"img_1052\" \/><\/a><\/a><\/figure>\n<figure data-width=\"5184\" data-height=\"3456\"><a href=\" https:\/\/calvi-marina.corsica\/wp-content\/uploads\/2020\/01\/img_1045.jpg \"<a href=\"https:\/\/calvi-marina.corsica\/wp-content\/uploads\/2020\/01\/img_1045.jpg\" title=\"img_1045\"  aria-label=\"Post image\"><img loading=\"lazy\" decoding=\"async\" src=\"data:image\/svg+xml,%3Csvg%20xmlns%3D&#39;http%3A%2F%2Fwww.w3.org%2F2000%2Fsvg&#39;%20viewBox%3D&#39;0%200%205184%203456&#39;%2F%3E\" data-src=\"https:\/\/calvi-marina.corsica\/wp-content\/uploads\/2020\/01\/img_1045.jpg\" data-srcset=\"https:\/\/calvi-marina.corsica\/wp-content\/uploads\/2020\/01\/img_1045.jpg 5184w\" width=\"5184\" height=\"3456\"  alt=\"\" title=\"img_1045\" \/><\/a><\/a><\/figure>\n<figure data-width=\"5184\" data-height=\"3456\"><a href=\" https:\/\/calvi-marina.corsica\/wp-content\/uploads\/2020\/01\/IMG_0957.jpg \"<a href=\"https:\/\/calvi-marina.corsica\/wp-content\/uploads\/2020\/01\/IMG_0957.jpg\" title=\"IMG_0957\"  aria-label=\"Post image\"><img loading=\"lazy\" decoding=\"async\" src=\"data:image\/svg+xml,%3Csvg%20xmlns%3D&#39;http%3A%2F%2Fwww.w3.org%2F2000%2Fsvg&#39;%20viewBox%3D&#39;0%200%205184%203456&#39;%2F%3E\" data-src=\"https:\/\/calvi-marina.corsica\/wp-content\/uploads\/2020\/01\/IMG_0957.jpg\" data-srcset=\"https:\/\/calvi-marina.corsica\/wp-content\/uploads\/2020\/01\/IMG_0957.jpg 5184w\" width=\"5184\" height=\"3456\"  alt=\"\" title=\"IMG_0957\" \/><\/a><\/a><\/figure>\n<figure data-width=\"5184\" data-height=\"3456\"><a href=\" https:\/\/calvi-marina.corsica\/wp-content\/uploads\/2020\/01\/IMG_0920.jpg \"<a href=\"https:\/\/calvi-marina.corsica\/wp-content\/uploads\/2020\/01\/IMG_0920.jpg\" title=\"IMG_0920\"  aria-label=\"Post image\"><img loading=\"lazy\" decoding=\"async\" src=\"data:image\/svg+xml,%3Csvg%20xmlns%3D&#39;http%3A%2F%2Fwww.w3.org%2F2000%2Fsvg&#39;%20viewBox%3D&#39;0%200%205184%203456&#39;%2F%3E\" data-src=\"https:\/\/calvi-marina.corsica\/wp-content\/uploads\/2020\/01\/IMG_0920.jpg\" data-srcset=\"https:\/\/calvi-marina.corsica\/wp-content\/uploads\/2020\/01\/IMG_0920.jpg 5184w\" width=\"5184\" height=\"3456\"  alt=\"\" title=\"IMG_0920\" \/><\/a><\/a><\/figure>\n<figure data-width=\"5184\" data-height=\"3456\"><a href=\" https:\/\/calvi-marina.corsica\/wp-content\/uploads\/2020\/01\/IMG_0915.jpg \"<a href=\"https:\/\/calvi-marina.corsica\/wp-content\/uploads\/2020\/01\/IMG_0915.jpg\" title=\"IMG_0915\"  aria-label=\"Post image\"><img loading=\"lazy\" decoding=\"async\" src=\"data:image\/svg+xml,%3Csvg%20xmlns%3D&#39;http%3A%2F%2Fwww.w3.org%2F2000%2Fsvg&#39;%20viewBox%3D&#39;0%200%205184%203456&#39;%2F%3E\" data-src=\"https:\/\/calvi-marina.corsica\/wp-content\/uploads\/2020\/01\/IMG_0915.jpg\" data-srcset=\"https:\/\/calvi-marina.corsica\/wp-content\/uploads\/2020\/01\/IMG_0915.jpg 5184w\" width=\"5184\" height=\"3456\"  alt=\"\" title=\"IMG_0915\" \/><\/a><\/a><\/figure>\n<figure data-width=\"5184\" data-height=\"3456\"><a href=\" https:\/\/calvi-marina.corsica\/wp-content\/uploads\/2020\/01\/IMG_0733.jpg \"<a href=\"https:\/\/calvi-marina.corsica\/wp-content\/uploads\/2020\/01\/IMG_0733.jpg\" title=\"IMG_0733\"  aria-label=\"Post image\"><img loading=\"lazy\" decoding=\"async\" src=\"data:image\/svg+xml,%3Csvg%20xmlns%3D&#39;http%3A%2F%2Fwww.w3.org%2F2000%2Fsvg&#39;%20viewBox%3D&#39;0%200%205184%203456&#39;%2F%3E\" data-src=\"https:\/\/calvi-marina.corsica\/wp-content\/uploads\/2020\/01\/IMG_0733.jpg\" data-srcset=\"https:\/\/calvi-marina.corsica\/wp-content\/uploads\/2020\/01\/IMG_0733.jpg 5184w\" width=\"5184\" height=\"3456\"  alt=\"\" title=\"IMG_0733\" \/><\/a><\/a><\/figure>\n<figure data-width=\"5184\" data-height=\"3456\"><a href=\" https:\/\/calvi-marina.corsica\/wp-content\/uploads\/2020\/01\/C84P0879.jpg \"<a href=\"https:\/\/calvi-marina.corsica\/wp-content\/uploads\/2020\/01\/C84P0879.jpg\" title=\"C84P0879\"  aria-label=\"Post image\"><img loading=\"lazy\" decoding=\"async\" src=\"data:image\/svg+xml,%3Csvg%20xmlns%3D&#39;http%3A%2F%2Fwww.w3.org%2F2000%2Fsvg&#39;%20viewBox%3D&#39;0%200%205184%203456&#39;%2F%3E\" data-src=\"https:\/\/calvi-marina.corsica\/wp-content\/uploads\/2020\/01\/C84P0879.jpg\" data-srcset=\"https:\/\/calvi-marina.corsica\/wp-content\/uploads\/2020\/01\/C84P0879.jpg 5184w\" width=\"5184\" height=\"3456\"  alt=\"\" title=\"C84P0879\" \/><\/a><\/a><\/figure>\n<figure data-width=\"5472\" data-height=\"3648\"><a href=\" https:\/\/calvi-marina.corsica\/wp-content\/uploads\/2020\/01\/A76I0913.jpg \"<a href=\"https:\/\/calvi-marina.corsica\/wp-content\/uploads\/2020\/01\/A76I0913.jpg\" title=\"A76I0913\"  aria-label=\"Post image\"><img loading=\"lazy\" decoding=\"async\" src=\"data:image\/svg+xml,%3Csvg%20xmlns%3D&#39;http%3A%2F%2Fwww.w3.org%2F2000%2Fsvg&#39;%20viewBox%3D&#39;0%200%205472%203648&#39;%2F%3E\" data-src=\"https:\/\/calvi-marina.corsica\/wp-content\/uploads\/2020\/01\/A76I0913.jpg\" data-srcset=\"https:\/\/calvi-marina.corsica\/wp-content\/uploads\/2020\/01\/A76I0913.jpg 5472w\" width=\"5472\" height=\"3648\"  alt=\"\" title=\"A76I0913\" \/><\/a><\/a><\/figure>\n<figure data-width=\"5472\" data-height=\"3648\"><a href=\" https:\/\/calvi-marina.corsica\/wp-content\/uploads\/2020\/01\/A76I0878.jpg \"<a href=\"https:\/\/calvi-marina.corsica\/wp-content\/uploads\/2020\/01\/A76I0878.jpg\" title=\"A76I0878\"  aria-label=\"Post image\"><img loading=\"lazy\" decoding=\"async\" src=\"data:image\/svg+xml,%3Csvg%20xmlns%3D&#39;http%3A%2F%2Fwww.w3.org%2F2000%2Fsvg&#39;%20viewBox%3D&#39;0%200%205472%203648&#39;%2F%3E\" data-src=\"https:\/\/calvi-marina.corsica\/wp-content\/uploads\/2020\/01\/A76I0878.jpg\" data-srcset=\"https:\/\/calvi-marina.corsica\/wp-content\/uploads\/2020\/01\/A76I0878.jpg 5472w\" width=\"5472\" height=\"3648\"  alt=\"\" title=\"A76I0878\" \/><\/a><\/a><\/figure>\n<figure data-width=\"5472\" data-height=\"3648\"><a href=\" https:\/\/calvi-marina.corsica\/wp-content\/uploads\/2020\/01\/A76I0856.jpg \"<a href=\"https:\/\/calvi-marina.corsica\/wp-content\/uploads\/2020\/01\/A76I0856.jpg\" title=\"A76I0856\"  aria-label=\"Post image\"><img loading=\"lazy\" decoding=\"async\" src=\"data:image\/svg+xml,%3Csvg%20xmlns%3D&#39;http%3A%2F%2Fwww.w3.org%2F2000%2Fsvg&#39;%20viewBox%3D&#39;0%200%205472%203648&#39;%2F%3E\" data-src=\"https:\/\/calvi-marina.corsica\/wp-content\/uploads\/2020\/01\/A76I0856.jpg\" data-srcset=\"https:\/\/calvi-marina.corsica\/wp-content\/uploads\/2020\/01\/A76I0856.jpg 5472w\" width=\"5472\" height=\"3648\"  alt=\"\" title=\"A76I0856\" \/><\/a><\/a><\/figure>\n<figure data-width=\"5472\" data-height=\"3648\"><a href=\" https:\/\/calvi-marina.corsica\/wp-content\/uploads\/2020\/01\/A76I0780.jpg \"<a href=\"https:\/\/calvi-marina.corsica\/wp-content\/uploads\/2020\/01\/A76I0780.jpg\" title=\"A76I0780\"  aria-label=\"Post image\"><img loading=\"lazy\" decoding=\"async\" src=\"data:image\/svg+xml,%3Csvg%20xmlns%3D&#39;http%3A%2F%2Fwww.w3.org%2F2000%2Fsvg&#39;%20viewBox%3D&#39;0%200%205472%203648&#39;%2F%3E\" data-src=\"https:\/\/calvi-marina.corsica\/wp-content\/uploads\/2020\/01\/A76I0780.jpg\" data-srcset=\"https:\/\/calvi-marina.corsica\/wp-content\/uploads\/2020\/01\/A76I0780.jpg 5472w\" width=\"5472\" height=\"3648\"  alt=\"\" title=\"A76I0780\" \/><\/a><\/a><\/figure>\n<figure data-width=\"5472\" data-height=\"3648\"><a href=\" https:\/\/calvi-marina.corsica\/wp-content\/uploads\/2020\/01\/A76I0516.jpg \"<a href=\"https:\/\/calvi-marina.corsica\/wp-content\/uploads\/2020\/01\/A76I0516.jpg\" title=\"A76I0516\"  aria-label=\"Post image\"><img loading=\"lazy\" decoding=\"async\" src=\"data:image\/svg+xml,%3Csvg%20xmlns%3D&#39;http%3A%2F%2Fwww.w3.org%2F2000%2Fsvg&#39;%20viewBox%3D&#39;0%200%205472%203648&#39;%2F%3E\" data-src=\"https:\/\/calvi-marina.corsica\/wp-content\/uploads\/2020\/01\/A76I0516.jpg\" data-srcset=\"https:\/\/calvi-marina.corsica\/wp-content\/uploads\/2020\/01\/A76I0516.jpg 5472w\" width=\"5472\" height=\"3648\"  alt=\"\" title=\"A76I0516\" \/><\/a><\/a><\/figure>\n<figure data-width=\"1280\" data-height=\"916\"><a href=\" https:\/\/calvi-marina.corsica\/wp-content\/uploads\/2020\/01\/2019-8.jpg \"<a href=\"https:\/\/calvi-marina.corsica\/wp-content\/uploads\/2020\/01\/2019-8.jpg\" title=\"2019-8\"  aria-label=\"Post image\"><img loading=\"lazy\" decoding=\"async\" src=\"data:image\/svg+xml,%3Csvg%20xmlns%3D&#39;http%3A%2F%2Fwww.w3.org%2F2000%2Fsvg&#39;%20viewBox%3D&#39;0%200%201280%20916&#39;%2F%3E\" data-src=\"https:\/\/calvi-marina.corsica\/wp-content\/uploads\/2020\/01\/2019-8.jpg\" data-srcset=\"https:\/\/calvi-marina.corsica\/wp-content\/uploads\/2020\/01\/2019-8.jpg 1280w\" width=\"1280\" height=\"916\"  alt=\"\" title=\"2019-8\" \/><\/a><\/a><\/figure>\n<figure data-width=\"1280\" data-height=\"927\"><a href=\" https:\/\/calvi-marina.corsica\/wp-content\/uploads\/2020\/01\/2019-3.jpg \"<a href=\"https:\/\/calvi-marina.corsica\/wp-content\/uploads\/2020\/01\/2019-3.jpg\" title=\"2019-3\"  aria-label=\"Post image\"><img loading=\"lazy\" decoding=\"async\" src=\"data:image\/svg+xml,%3Csvg%20xmlns%3D&#39;http%3A%2F%2Fwww.w3.org%2F2000%2Fsvg&#39;%20viewBox%3D&#39;0%200%201280%20927&#39;%2F%3E\" data-src=\"https:\/\/calvi-marina.corsica\/wp-content\/uploads\/2020\/01\/2019-3.jpg\" data-srcset=\"https:\/\/calvi-marina.corsica\/wp-content\/uploads\/2020\/01\/2019-3.jpg 1280w\" width=\"1280\" height=\"927\"  alt=\"\" title=\"2019-3\" \/><\/a><\/a><\/figure>\n<p>\t\t\t\t<a href=\"#\"><\/a><br \/>\n\t\t\t\t<a href=\"#\"><\/a><br \/>\n\t\t\t\t<a href=\"#\"><\/a><\/p>\n","protected":false},"excerpt":{"rendered":"<p>D\u00e9couvrez ou red\u00e9couvrez le port de Calvi au travers des diff\u00e9rents clich\u00e9s de notre galerie.<\/p>\n","protected":false},"author":2,"featured_media":0,"parent":0,"menu_order":0,"comment_status":"closed","ping_status":"closed","template":"","meta":{"footnotes":""},"class_list":["post-2501","page","type-page","status-publish","hentry","description-off"],"aioseo_notices":[],"_links":{"self":[{"href":"https:\/\/calvi-marina.corsica\/index.php?rest_route=\/wp\/v2\/pages\/2501","targetHints":{"allow":["GET"]}}],"collection":[{"href":"https:\/\/calvi-marina.corsica\/index.php?rest_route=\/wp\/v2\/pages"}],"about":[{"href":"https:\/\/calvi-marina.corsica\/index.php?rest_route=\/wp\/v2\/types\/page"}],"author":[{"embeddable":true,"href":"https:\/\/calvi-marina.corsica\/index.php?rest_route=\/wp\/v2\/users\/2"}],"replies":[{"embeddable":true,"href":"https:\/\/calvi-marina.corsica\/index.php?rest_route=%2Fwp%2Fv2%2Fcomments&post=2501"}],"version-history":[{"count":12,"href":"https:\/\/calvi-marina.corsica\/index.php?rest_route=\/wp\/v2\/pages\/2501\/revisions"}],"predecessor-version":[{"id":2724,"href":"https:\/\/calvi-marina.corsica\/index.php?rest_route=\/wp\/v2\/pages\/2501\/revisions\/2724"}],"wp:attachment":[{"href":"https:\/\/calvi-marina.corsica\/index.php?rest_route=%2Fwp%2Fv2%2Fmedia&parent=2501"}],"curies":[{"name":"wp","href":"https:\/\/api.w.org\/{rel}","templated":true}]}}