{"id":2555,"date":"2020-01-13T15:36:15","date_gmt":"2020-01-13T14:36:15","guid":{"rendered":"http:\/\/calvi-marina.corsica\/?page_id=2555"},"modified":"2024-04-03T15:45:59","modified_gmt":"2024-04-03T13:45:59","slug":"ravitaillements-et-reparations","status":"publish","type":"page","link":"https:\/\/calvi-marina.corsica\/?page_id=2555","title":{"rendered":"Ravitaillements et r\u00e9parations"},"content":{"rendered":"<h3 style=\"text-align: center;\">Eau douce<\/h3>\n<p style=\"text-align: center;\">Fermeture automatique<\/p>\n<h3 style=\"text-align: center;\">\u00c9lectricit\u00e9 :<\/h3>\n<p style=\"text-align: center;\">220-380 V \/ 16-125 A<\/p>\n<h3 style=\"text-align: center;\">Maintenance :<\/h3>\n<p style=\"text-align: center;\">1 ship<\/p>\n<p style=\"text-align: center;\">Travelift 100 t<\/p>\n<p style=\"text-align: center;\">Bers<\/p>\n<p style=\"text-align: center;\">Cale Car\u00e9nage<\/p>\n<h3 style=\"text-align: center;\">Carburant :<\/h3>\n<p style=\"text-align: center;\">Par t\u00e9l\u00e9phone, contacter le 04 95 39 48 16 ou le \u00a006 50 57 42 58, de 8h \u00e0 20h tous les jours durant la\u00a0saison\u00a0 <\/p>\n<p style=\"text-align: center;\">Hors saison : lundi, mercredi, samedi, de 10h \u00e0 12h et 14h \u00e0 17h.<\/p>\n","protected":false},"excerpt":{"rendered":"<p>Eau douce Fermeture automatique \u00c9lectricit\u00e9 : 220-380 V \/ 16-125 A Maintenance : 1 ship Travelift 100 t Bers Cale Car\u00e9nage Carburant : Par t\u00e9l\u00e9phone, contacter le 04 95 39 48 16 ou le \u00a006 50 57 42 58, de 8h \u00e0 20h tous les jours durant la\u00a0saison\u00a0 Hors saison : lundi, mercredi, samedi, de&hellip;<\/p>\n","protected":false},"author":2,"featured_media":0,"parent":0,"menu_order":0,"comment_status":"closed","ping_status":"closed","template":"","meta":{"footnotes":""},"class_list":["post-2555","page","type-page","status-publish","hentry","description-off"],"aioseo_notices":[],"_links":{"self":[{"href":"https:\/\/calvi-marina.corsica\/index.php?rest_route=\/wp\/v2\/pages\/2555","targetHints":{"allow":["GET"]}}],"collection":[{"href":"https:\/\/calvi-marina.corsica\/index.php?rest_route=\/wp\/v2\/pages"}],"about":[{"href":"https:\/\/calvi-marina.corsica\/index.php?rest_route=\/wp\/v2\/types\/page"}],"author":[{"embeddable":true,"href":"https:\/\/calvi-marina.corsica\/index.php?rest_route=\/wp\/v2\/users\/2"}],"replies":[{"embeddable":true,"href":"https:\/\/calvi-marina.corsica\/index.php?rest_route=%2Fwp%2Fv2%2Fcomments&post=2555"}],"version-history":[{"count":13,"href":"https:\/\/calvi-marina.corsica\/index.php?rest_route=\/wp\/v2\/pages\/2555\/revisions"}],"predecessor-version":[{"id":2778,"href":"https:\/\/calvi-marina.corsica\/index.php?rest_route=\/wp\/v2\/pages\/2555\/revisions\/2778"}],"wp:attachment":[{"href":"https:\/\/calvi-marina.corsica\/index.php?rest_route=%2Fwp%2Fv2%2Fmedia&parent=2555"}],"curies":[{"name":"wp","href":"https:\/\/api.w.org\/{rel}","templated":true}]}}